{"id":677,"date":"2023-11-30T11:51:26","date_gmt":"2023-11-30T11:51:26","guid":{"rendered":"https:\/\/clientstaging.enbecom.uk\/cefd\/nouvelles-et-evenements\/"},"modified":"2023-12-11T12:05:34","modified_gmt":"2023-12-11T12:05:34","slug":"nouvelles-et-evenements","status":"publish","type":"page","link":"https:\/\/ce4dev.org\/fr\/nouvelles-et-evenements\/","title":{"rendered":"Nouvelles et \u00e9v\u00e9nements"},"content":{"rendered":"","protected":false},"excerpt":{"rendered":"","protected":false},"author":3,"featured_media":0,"parent":0,"menu_order":0,"comment_status":"closed","ping_status":"closed","template":"templates\/template-themebuilder.php","meta":{"_acf_changed":false,"_monsterinsights_skip_tracking":false,"_monsterinsights_sitenote_active":false,"_monsterinsights_sitenote_note":"","_monsterinsights_sitenote_category":0,"footnotes":""},"class_list":["post-677","page","type-page","status-publish","hentry"],"acf":[],"yoast_head":"<!-- This site is optimized with the Yoast SEO plugin v27.5 - https:\/\/yoast.com\/product\/yoast-seo-wordpress\/ -->\n<title>Nouvelles et \u00e9v\u00e9nements - \u00c9nergie propre pour le d\u00e9veloppement<\/title>\n<meta name=\"robots\" content=\"index, follow, max-snippet:-1, max-image-preview:large, max-video-preview:-1\" \/>\n<link rel=\"canonical\" href=\"https:\/\/ce4dev.org\/fr\/nouvelles-et-evenements\/\" \/>\n<meta property=\"og:locale\" content=\"fr_FR\" \/>\n<meta property=\"og:type\" content=\"article\" \/>\n<meta property=\"og:title\" content=\"Nouvelles et \u00e9v\u00e9nements - \u00c9nergie propre pour le d\u00e9veloppement\" \/>\n<meta property=\"og:url\" content=\"https:\/\/ce4dev.org\/fr\/nouvelles-et-evenements\/\" \/>\n<meta property=\"og:site_name\" content=\"\u00c9nergie propre pour le d\u00e9veloppement\" \/>\n<meta property=\"article:modified_time\" content=\"2023-12-11T12:05:34+00:00\" \/>\n<meta property=\"og:image\" content=\"https:\/\/ce4dev.org\/wp-content\/uploads\/2023\/11\/Home-social-image.png\" \/>\n\t<meta property=\"og:image:width\" content=\"1200\" \/>\n\t<meta property=\"og:image:height\" content=\"628\" \/>\n\t<meta property=\"og:image:type\" content=\"image\/png\" \/>\n<meta name=\"twitter:card\" content=\"summary_large_image\" \/>\n<script type=\"application\/ld+json\" class=\"yoast-schema-graph\">{\"@context\":\"https:\\\/\\\/schema.org\",\"@graph\":[{\"@type\":\"WebPage\",\"@id\":\"https:\\\/\\\/ce4dev.org\\\/fr\\\/nouvelles-et-evenements\\\/\",\"url\":\"https:\\\/\\\/ce4dev.org\\\/fr\\\/nouvelles-et-evenements\\\/\",\"name\":\"Nouvelles et \u00e9v\u00e9nements - \u00c9nergie propre pour le d\u00e9veloppement\",\"isPartOf\":{\"@id\":\"https:\\\/\\\/ce4dev.org\\\/#website\"},\"datePublished\":\"2023-11-30T11:51:26+00:00\",\"dateModified\":\"2023-12-11T12:05:34+00:00\",\"breadcrumb\":{\"@id\":\"https:\\\/\\\/ce4dev.org\\\/fr\\\/nouvelles-et-evenements\\\/#breadcrumb\"},\"inLanguage\":\"fr-FR\",\"potentialAction\":[{\"@type\":\"ReadAction\",\"target\":[\"https:\\\/\\\/ce4dev.org\\\/fr\\\/nouvelles-et-evenements\\\/\"]}]},{\"@type\":\"BreadcrumbList\",\"@id\":\"https:\\\/\\\/ce4dev.org\\\/fr\\\/nouvelles-et-evenements\\\/#breadcrumb\",\"itemListElement\":[{\"@type\":\"ListItem\",\"position\":1,\"name\":\"Home\",\"item\":\"https:\\\/\\\/ce4dev.org\\\/fr\\\/\"},{\"@type\":\"ListItem\",\"position\":2,\"name\":\"Nouvelles et \u00e9v\u00e9nements\"}]},{\"@type\":\"WebSite\",\"@id\":\"https:\\\/\\\/ce4dev.org\\\/#website\",\"url\":\"https:\\\/\\\/ce4dev.org\\\/\",\"name\":\"\u00c9nergie propre pour le d\u00e9veloppement\",\"description\":\"\",\"potentialAction\":[{\"@type\":\"SearchAction\",\"target\":{\"@type\":\"EntryPoint\",\"urlTemplate\":\"https:\\\/\\\/ce4dev.org\\\/?s={search_term_string}\"},\"query-input\":{\"@type\":\"PropertyValueSpecification\",\"valueRequired\":true,\"valueName\":\"search_term_string\"}}],\"inLanguage\":\"fr-FR\"}]}<\/script>\n<!-- \/ Yoast SEO plugin. -->","yoast_head_json":{"title":"Nouvelles et \u00e9v\u00e9nements - \u00c9nergie propre pour le d\u00e9veloppement","robots":{"index":"index","follow":"follow","max-snippet":"max-snippet:-1","max-image-preview":"max-image-preview:large","max-video-preview":"max-video-preview:-1"},"canonical":"https:\/\/ce4dev.org\/fr\/nouvelles-et-evenements\/","og_locale":"fr_FR","og_type":"article","og_title":"Nouvelles et \u00e9v\u00e9nements - \u00c9nergie propre pour le d\u00e9veloppement","og_url":"https:\/\/ce4dev.org\/fr\/nouvelles-et-evenements\/","og_site_name":"\u00c9nergie propre pour le d\u00e9veloppement","article_modified_time":"2023-12-11T12:05:34+00:00","og_image":[{"width":1200,"height":628,"url":"https:\/\/ce4dev.org\/wp-content\/uploads\/2023\/11\/Home-social-image.png","type":"image\/png"}],"twitter_card":"summary_large_image","schema":{"@context":"https:\/\/schema.org","@graph":[{"@type":"WebPage","@id":"https:\/\/ce4dev.org\/fr\/nouvelles-et-evenements\/","url":"https:\/\/ce4dev.org\/fr\/nouvelles-et-evenements\/","name":"Nouvelles et \u00e9v\u00e9nements - \u00c9nergie propre pour le d\u00e9veloppement","isPartOf":{"@id":"https:\/\/ce4dev.org\/#website"},"datePublished":"2023-11-30T11:51:26+00:00","dateModified":"2023-12-11T12:05:34+00:00","breadcrumb":{"@id":"https:\/\/ce4dev.org\/fr\/nouvelles-et-evenements\/#breadcrumb"},"inLanguage":"fr-FR","potentialAction":[{"@type":"ReadAction","target":["https:\/\/ce4dev.org\/fr\/nouvelles-et-evenements\/"]}]},{"@type":"BreadcrumbList","@id":"https:\/\/ce4dev.org\/fr\/nouvelles-et-evenements\/#breadcrumb","itemListElement":[{"@type":"ListItem","position":1,"name":"Home","item":"https:\/\/ce4dev.org\/fr\/"},{"@type":"ListItem","position":2,"name":"Nouvelles et \u00e9v\u00e9nements"}]},{"@type":"WebSite","@id":"https:\/\/ce4dev.org\/#website","url":"https:\/\/ce4dev.org\/","name":"\u00c9nergie propre pour le d\u00e9veloppement","description":"","potentialAction":[{"@type":"SearchAction","target":{"@type":"EntryPoint","urlTemplate":"https:\/\/ce4dev.org\/?s={search_term_string}"},"query-input":{"@type":"PropertyValueSpecification","valueRequired":true,"valueName":"search_term_string"}}],"inLanguage":"fr-FR"}]}},"_links":{"self":[{"href":"https:\/\/ce4dev.org\/fr\/wp-json\/wp\/v2\/pages\/677","targetHints":{"allow":["GET"]}}],"collection":[{"href":"https:\/\/ce4dev.org\/fr\/wp-json\/wp\/v2\/pages"}],"about":[{"href":"https:\/\/ce4dev.org\/fr\/wp-json\/wp\/v2\/types\/page"}],"author":[{"embeddable":true,"href":"https:\/\/ce4dev.org\/fr\/wp-json\/wp\/v2\/users\/3"}],"replies":[{"embeddable":true,"href":"https:\/\/ce4dev.org\/fr\/wp-json\/wp\/v2\/comments?post=677"}],"version-history":[{"count":0,"href":"https:\/\/ce4dev.org\/fr\/wp-json\/wp\/v2\/pages\/677\/revisions"}],"wp:attachment":[{"href":"https:\/\/ce4dev.org\/fr\/wp-json\/wp\/v2\/media?parent=677"}],"curies":[{"name":"wp","href":"https:\/\/api.w.org\/{rel}","templated":true}]}}