{"id":670,"date":"2023-11-09T15:43:05","date_gmt":"2023-11-09T15:43:05","guid":{"rendered":"https:\/\/clientstaging.enbecom.uk\/cefd\/conditions-dutilisation\/"},"modified":"2023-12-10T09:29:05","modified_gmt":"2023-12-10T09:29:05","slug":"conditions-dutilisation","status":"publish","type":"page","link":"https:\/\/ce4dev.org\/fr\/conditions-dutilisation\/","title":{"rendered":"Conditions d&rsquo;utilisation"},"content":{"rendered":"<h2>Conditions d&rsquo;utilisation du site web \u00ab\u00a0\u00c9nergie propre pour le d\u00e9veloppement<\/h2>\n<p>Ce site web est fourni en tant que service public par l&rsquo;\u00e9quipe de traduction des connaissances et de communication sur l&rsquo;\u00e9nergie propre pour le d\u00e9veloppement de l&rsquo;Institute of Development Studies (IDS), avec le soutien du Centre de recherches pour le d\u00e9veloppement international (CRDI), sous r\u00e9serve des conditions g\u00e9n\u00e9rales d&rsquo;utilisation suivantes. Votre utilisation du site est soumise \u00e0 ces conditions &#8211; si vous ne les acceptez pas, veuillez quitter le site.<\/p>\n<h2>Clause de non-responsabilit\u00e9<\/h2>\n<p>Lors de la pr\u00e9paration de ce site web, tous les efforts ont \u00e9t\u00e9 faits pour offrir l&rsquo;information la plus actuelle, la plus correcte et la plus claire possible. N\u00e9anmoins, des erreurs involontaires peuvent se produire. En particulier, mais sans limiter la port\u00e9e de ce qui pr\u00e9c\u00e8de, IDS d\u00e9cline toute responsabilit\u00e9 quant aux erreurs typographiques et \u00e0 l&rsquo;exactitude des informations qui peuvent \u00eatre contenues dans les pages web de Clean Energy for Development. IDS se r\u00e9serve \u00e9galement le droit d&rsquo;apporter des modifications \u00e0 tout moment et sans pr\u00e9avis.<\/p>\n<p>Les informations et les donn\u00e9es figurant sur les pages web de l&rsquo;\u00e9nergie propre pour le d\u00e9veloppement ont \u00e9t\u00e9 compil\u00e9es \u00e0 partir de diverses sources. Sauf indication contraire, les opinions exprim\u00e9es sur ce site web sont celles des personnes qui les \u00e9mettent et non celles de l&rsquo;IDS, des partenaires de Clean Energy for Development ou du CRDI : l&rsquo;Institut et ses partenaires et bailleurs de fonds ne sont pas responsables de ces opinions ou de toute r\u00e9clamation qui en r\u00e9sulterait. En outre, IDS ne donne aucune garantie ni ne fait aucune d\u00e9claration concernant la qualit\u00e9, le contenu, l&rsquo;exhaustivit\u00e9 ou l&rsquo;ad\u00e9quation de ces informations et donn\u00e9es. Dans tous les cas o\u00f9 les publications imprim\u00e9es diff\u00e8rent du texte contenu dans ce syst\u00e8me, les documents imprim\u00e9s pr\u00e9valent.<\/p>\n<h2>Utilisation inacceptable<\/h2>\n<p>Vous ne devez pas utiliser une partie du site web \u00e0 des fins ill\u00e9gales, immorales, offensantes pour autrui ou en violation des droits d&rsquo;autrui, ni soumettre un contenu de cette nature. Cela inclut, sans s&rsquo;y limiter, tout contenu ou objectif discriminatoire ou harcelant en raison de la race, du sexe, de la religion, de l&rsquo;\u00e2ge ou de toute autre caract\u00e9ristique personnelle, un langage grossier, une incitation \u00e0 la haine, un contenu sexuellement explicite, abusif, diffamatoire, en violation des droits d&rsquo;auteur ou d&rsquo;autres droits, et toute autre activit\u00e9 qu&rsquo;IDS peut juger inacceptable de temps \u00e0 autre. IDS peut supprimer ou bloquer l&rsquo;acc\u00e8s \u00e0 tout contenu ou communication pour quelque raison que ce soit. Si vous estimez que l&rsquo;un des \u00e9l\u00e9ments de ce site porte atteinte \u00e0 vos droits, veuillez contacter l&rsquo;\u00e9quipe d&rsquo;AC et de communication d&rsquo;IDS Clean Energy for Development (coordonn\u00e9es ci-dessous) en d\u00e9crivant de mani\u00e8re exhaustive les \u00e9l\u00e9ments incrimin\u00e9s et les raisons de cette atteinte. IDS examinera et, si elle est d&rsquo;accord, supprimera ou bloquera ce contenu.<\/p>\n<h2>Clause de non-responsabilit\u00e9<\/h2>\n<p>Bien que tout soit mis en \u0153uvre pour assurer le bon fonctionnement de ce site, IDS ne fait aucune d\u00e9claration et ne donne aucune garantie quant \u00e0 l&rsquo;\u00e9tat ou \u00e0 la fonctionnalit\u00e9 de ce site, \u00e0 son ad\u00e9quation \u00e0 l&rsquo;utilisation, ou au fait que le service qu&rsquo;il fournit sera ininterrompu ou exempt d&rsquo;erreurs.<\/p>\n<h2>Clause de non-responsabilit\u00e9 en mati\u00e8re de dommages et int\u00e9r\u00eats<\/h2>\n<p>En utilisant ce site web, vous assumez tous les risques li\u00e9s \u00e0 son utilisation, y compris le risque que votre ordinateur, vos logiciels ou vos donn\u00e9es soient endommag\u00e9s par un virus, un logiciel ou tout autre fichier qui pourrait \u00eatre transmis ou activ\u00e9 par le biais de ce site web. IDS n&rsquo;est pas responsable des dommages directs, indirects, sp\u00e9ciaux, accessoires ou cons\u00e9cutifs, y compris, mais sans s&rsquo;y limiter, les pertes de revenus ou de b\u00e9n\u00e9fices, r\u00e9sultant de l&rsquo;utilisation ou de la mauvaise utilisation de ce site web ou des informations qu&rsquo;il contient.<\/p>\n<h2>Exclusion de responsabilit\u00e9<\/h2>\n<p>Toute r\u00e9f\u00e9rence \u00e0 un produit, un processus ou un service commercial sp\u00e9cifique par le biais d&rsquo;un nom commercial, d&rsquo;une marque d\u00e9pos\u00e9e, d&rsquo;un fabricant ou autre ne constitue pas n\u00e9cessairement une approbation, une recommandation ou une faveur de la part d&rsquo;IDS. Les points de vue et opinions des auteurs exprim\u00e9s ici ne refl\u00e8tent pas n\u00e9cessairement ceux d&rsquo;IDS et ne doivent pas \u00eatre utilis\u00e9s \u00e0 des fins de publicit\u00e9 ou de promotion de produits.<\/p>\n<h2>Liens vers d&rsquo;autres sites web<\/h2>\n<p>Les liens du site Internet Clean Energy for Development peuvent vous conduire \u00e0 d&rsquo;autres sites Internet qui ne sont pas contr\u00f4l\u00e9s par IDS. Bien que ces liens soient fournis en toute bonne foi, IDS n&rsquo;approuve ni ne cautionne en aucune mani\u00e8re les sites web vers lesquels il a \u00e9tabli des liens. Les liens sont fournis uniquement pour votre commodit\u00e9 et IDS n&rsquo;est pas responsable du contenu ou des pratiques de confidentialit\u00e9 de tout autre site web li\u00e9 au site web de Clean Energy for Development ou \u00e0 partir de celui-ci. L&rsquo;utilisation de ces liens n&rsquo;engage pas la responsabilit\u00e9 d&rsquo;IDS \u00e0 votre \u00e9gard ou \u00e0 l&rsquo;\u00e9gard de toute autre personne en cas de perte ou de responsabilit\u00e9 de quelque nature que ce soit.<\/p>\n<p>Nous nous sommes efforc\u00e9s de veiller \u00e0 ce que les liens vers des documents hors site soient clairement indiqu\u00e9s. Si nous avons cr\u00e9\u00e9 un lien vers votre contenu sans indiquer clairement qu&rsquo;il s&rsquo;agit d&rsquo;un non-IDS, veuillez nous en informer afin que nous puissions r\u00e9soudre le probl\u00e8me en rendant le lien plus clair ou en le supprimant.<\/p>\n<h2>Droit d&rsquo;auteur<\/h2>\n<p>IDS d\u00e9tient les <a href=\"https:\/\/www.ids.ac.uk\/about\/governance\/copyright-and-permissions\/\">droits d&rsquo;auteur de toutes les publications d&rsquo;IDS et du contenu du site web \u00ab\u00a0Clean Energy for Development<\/a> \u00ab\u00a0, mais encourage la reproduction de ces documents \u00e0 des fins non commerciales. Une attribution correcte est demand\u00e9e, indiquant la source originale du mat\u00e9riel.<\/p>\n<p>L&rsquo;autorisation de faire des copies num\u00e9riques ou papier de tout ou partie de cet ouvrage \u00e0 des fins p\u00e9dagogiques ou non lucratives est accord\u00e9e sans frais et sans demande formelle, \u00e0 condition que les copies ne soient pas faites ou distribu\u00e9es \u00e0 des fins lucratives ou commerciales et que l&rsquo;attribution compl\u00e8te apparaisse sur la premi\u00e8re page.<\/p>\n<p>Nous demandons aux autres organisations et m\u00e9dias de cr\u00e9er des liens vers les pages web de nos publications qui proposent le lien de t\u00e9l\u00e9chargement PDF, plut\u00f4t que de stocker nos PDF sur leurs propres syst\u00e8mes. Cela nous permet de suivre l&rsquo;utilisation de nos publications et de fournir des informations essentielles pour notre programme de publications.<\/p>\n<p>Si le t\u00e9l\u00e9chargement de PDF est n\u00e9cessaire dans le cadre de l&rsquo;enseignement des cours, veuillez nous contacter afin que nous puissions \u00e9galement contr\u00f4ler cette utilisation.<\/p>\n<p>Les droits d&rsquo;auteur pour les contenus web et les publications n&rsquo;appartenant pas \u00e0 IDS doivent \u00eatre respect\u00e9s et l&rsquo;autorisation doit \u00eatre demand\u00e9e au d\u00e9tenteur des droits d&rsquo;auteur. La copie dans d&rsquo;autres circonstances, y compris, mais sans s&rsquo;y limiter, toute utilisation commerciale, r\u00e9utilisation dans des publications commerciales, ou pour la traduction ou l&rsquo;adaptation, n&rsquo;est pas autoris\u00e9e sans l&rsquo;autorisation \u00e9crite pr\u00e9alable d&rsquo;IDS, pour laquelle une redevance peut \u00eatre exig\u00e9e.<\/p>\n<p>Pour demander l&rsquo;autorisation de r\u00e9imprimer ou de republier du mat\u00e9riel provenant de ce site, ou si vous ne savez pas qui est le d\u00e9tenteur des droits d&rsquo;auteur, veuillez contacter :<\/p>\n<p>L&rsquo;\u00e9nergie propre au service du d\u00e9veloppement \u00c9quipe d&rsquo;AC et de communication<br \/>\nInstitut d&rsquo;\u00e9tudes du d\u00e9veloppement<br \/>\n\u00e0 l&rsquo;Universit\u00e9 de Sussex<br \/>\nBrighton<br \/>\nBN1 9RE<br \/>\nROYAUME-UNI<br \/>\nT : +44 (0)1273 606261<br \/>\nE : <u><br \/>\n  <a href=\"mailto:cedca@ids.ac.uk\">cedca@ids.ac.uk<\/a><br \/>\n<\/u><\/p>\n<h2>Stockage, utilisation des informations personnelles et protection des donn\u00e9es<\/h2>\n<p>IDS s&rsquo;engage \u00e0 prot\u00e9ger votre vie priv\u00e9e. Consultez notre page pour obtenir tous les d\u00e9tails sur notre protection des donn\u00e9es et les exigences du GDPR.<\/p>\n<h2>Utilisation de \u00ab\u00a0cookies<\/h2>\n<p>Nous voulons nous assurer que tous les sites web et services de l&rsquo;IDS sont faciles \u00e0 utiliser et fiables. Cela implique parfois de placer de petites quantit\u00e9s d&rsquo;informations sur votre ordinateur, notamment des petits fichiers appel\u00e9s \u00ab\u00a0cookies\u00a0\u00bb. Ces fichiers ne peuvent pas \u00eatre utilis\u00e9s pour vous identifier personnellement.<\/p>\n<p>Ces informations sont utilis\u00e9es pour am\u00e9liorer les services que nous vous proposons, par exemple :<\/p>\n<ul>\n<li>permettre \u00e0 un site de reconna\u00eetre votre appareil afin que vous n&rsquo;ayez pas \u00e0 fournir plusieurs fois les m\u00eames informations au cours d&rsquo;une m\u00eame t\u00e2che<\/li>\n<li>reconna\u00eetre que vous avez peut-\u00eatre d\u00e9j\u00e0 donn\u00e9 un nom d&rsquo;utilisateur et un mot de passe, de sorte qu&rsquo;il n&rsquo;est pas n\u00e9cessaire de le faire pour chaque page web demand\u00e9e<\/li>\n<li>mesurer le nombre de personnes qui utilisent nos sites, afin de les rendre plus faciles \u00e0 utiliser et de disposer d&rsquo;une capacit\u00e9 suffisante pour garantir leur rapidit\u00e9.<\/li>\n<\/ul>\n<h2>Comment contr\u00f4ler les cookies<\/h2>\n<p>Vous pouvez contr\u00f4ler et\/ou supprimer les cookies comme vous le souhaitez &#8211; pour plus de d\u00e9tails, voir <a href=\"http:\/\/www.aboutcookies.org\/\">AboutCookies.org<\/a>. Vous pouvez supprimer tous les cookies d\u00e9j\u00e0 pr\u00e9sents sur votre ordinateur et vous pouvez param\u00e9trer la plupart des navigateurs pour qu&rsquo;ils bloquent leur installation. Mais si vous le faites, il se peut que vous deviez ajuster manuellement certaines pr\u00e9f\u00e9rences \u00e0 chaque fois que vous visitez le site.<\/p>\n<h2>Comment nous utilisons les cookies<\/h2>\n<p>Plusieurs cookies sont install\u00e9s par nos serveurs web pour garantir que votre session est maintenue pendant la dur\u00e9e de votre visite (jusqu&rsquo;\u00e0 ce que vous fermiez votre navigateur web), pour aider le site \u00e0 se souvenir de vos param\u00e8tres et pr\u00e9f\u00e9rences (afin que vous n&rsquo;ayez pas \u00e0 les saisir \u00e0 chaque fois que vous revenez sur le site) et pour nous aider \u00e0 diagnostiquer et \u00e0 am\u00e9liorer le site web.<\/p>\n<p>Nous utilisons \u00e9galement des cookies d\u00e9finis par Google Analytics qui nous permettent de mesurer le nombre de visiteurs et l&rsquo;utilisation du site web. Encore une fois, ces cookies ne vous identifient pas personnellement, mais aident simplement IDS \u00e0 d\u00e9terminer les tendances des pages web lues et \u00e0 influencer le nouveau contenu et l&rsquo;am\u00e9lioration de la convivialit\u00e9 pour les visiteurs. (Les cookies utilis\u00e9s \u00e0 cet effet sont les suivants : _utma, _utmb, _utmc, _utmv et _utmz : _utma, _utmb, _utmc, _utmv et _utmz).<\/p>\n<p>Pour plus de d\u00e9tails sur les cookies mis en place par Google Analytics, veuillez consulter le <a href=\"http:\/\/code.google.com\/apis\/analytics\/docs\/concepts\/gaConceptsCookies.html#cookiesSet\">site Google Code<\/a>.<\/p>\n<h2>Services d&rsquo;abonnement par courrier \u00e9lectronique<\/h2>\n<p>Vous ne devez pas saisir d&rsquo;informations au nom d&rsquo;une autre personne ou au sujet d&rsquo;une autre personne. Votre nom et votre adresse \u00e9lectronique ne seront utilis\u00e9s que pour vous fournir les services auxquels vous avez souscrit, pour vous envoyer des informations sur ces services, pour vous rappeler votre mot de passe et pour valider la s\u00e9curit\u00e9. Elles ne seront pas communiqu\u00e9es \u00e0 des tiers sans votre consentement explicite.<\/p>\n<p>Si vous partagez votre adresse \u00e9lectronique avec d&rsquo;autres personnes, IDS ne peut pas prot\u00e9ger les informations que vous fournissez contre l&rsquo;acc\u00e8s par les autres utilisateurs de votre adresse \u00e9lectronique, ni emp\u00eacher les autres utilisateurs de votre adresse \u00e9lectronique de modifier les d\u00e9tails de votre abonnement.<\/p>\n<h2>Nous contacter<\/h2>\n<p>Si vous avez des questions concernant les pr\u00e9sentes conditions g\u00e9n\u00e9rales ou les pratiques de ce site web, veuillez nous contacter \u00e0 l&rsquo;adresse suivante :<\/p>\n<p>L&rsquo;\u00e9nergie propre au service du d\u00e9veloppement \u00c9quipe d&rsquo;AC et de communication<\/p>\n<p>Institut d&rsquo;\u00e9tudes du d\u00e9veloppement<br \/>\n\u00e0 l&rsquo;Universit\u00e9 de Sussex<br \/>\nBrighton BN1 9RE<br \/>\nROYAUME-UNI<br \/>\nT : +44 (0)1273 606261<br \/>\nE : <u><br \/>\n  <a href=\"mailto:cedca@ids.ac.uk\">cedca@ids.ac.uk<\/a><br \/>\n<\/u><\/p>\n<p>&nbsp;<\/p>\n","protected":false},"excerpt":{"rendered":"<p>Conditions d&rsquo;utilisation du site web \u00ab\u00a0\u00c9nergie propre pour le d\u00e9veloppement Ce site web est fourni en tant que service public par l&rsquo;\u00e9quipe de traduction des connaissances et de communication sur l&rsquo;\u00e9nergie propre pour le d\u00e9veloppement de l&rsquo;Institute of Development Studies (IDS), avec le soutien du Centre de recherches pour le d\u00e9veloppement international (CRDI), sous r\u00e9serve [&hellip;]<\/p>\n","protected":false},"author":3,"featured_media":0,"parent":0,"menu_order":0,"comment_status":"closed","ping_status":"closed","template":"","meta":{"_acf_changed":false,"_monsterinsights_skip_tracking":false,"_monsterinsights_sitenote_active":false,"_monsterinsights_sitenote_note":"","_monsterinsights_sitenote_category":0,"footnotes":""},"class_list":["post-670","page","type-page","status-publish","hentry"],"acf":[],"yoast_head":"<!-- This site is optimized with the Yoast SEO plugin v27.4 - https:\/\/yoast.com\/product\/yoast-seo-wordpress\/ -->\n<title>Conditions d&#039;utilisation - \u00c9nergie propre pour le d\u00e9veloppement<\/title>\n<meta name=\"robots\" content=\"index, follow, max-snippet:-1, max-image-preview:large, max-video-preview:-1\" \/>\n<link rel=\"canonical\" href=\"https:\/\/ce4dev.org\/fr\/conditions-dutilisation\/\" \/>\n<meta property=\"og:locale\" content=\"fr_FR\" \/>\n<meta property=\"og:type\" content=\"article\" \/>\n<meta property=\"og:title\" content=\"Conditions d&#039;utilisation - \u00c9nergie propre pour le d\u00e9veloppement\" \/>\n<meta property=\"og:description\" content=\"Conditions d&rsquo;utilisation du site web \u00ab\u00a0\u00c9nergie propre pour le d\u00e9veloppement Ce site web est fourni en tant que service public par l&rsquo;\u00e9quipe de traduction des connaissances et de communication sur l&rsquo;\u00e9nergie propre pour le d\u00e9veloppement de l&rsquo;Institute of Development Studies (IDS), avec le soutien du Centre de recherches pour le d\u00e9veloppement international (CRDI), sous r\u00e9serve [&hellip;]\" \/>\n<meta property=\"og:url\" content=\"https:\/\/ce4dev.org\/fr\/conditions-dutilisation\/\" \/>\n<meta property=\"og:site_name\" content=\"\u00c9nergie propre pour le d\u00e9veloppement\" \/>\n<meta property=\"article:modified_time\" content=\"2023-12-10T09:29:05+00:00\" \/>\n<meta property=\"og:image\" content=\"https:\/\/ce4dev.org\/wp-content\/uploads\/2023\/11\/Home-social-image.png\" \/>\n\t<meta property=\"og:image:width\" content=\"1200\" \/>\n\t<meta property=\"og:image:height\" content=\"628\" \/>\n\t<meta property=\"og:image:type\" content=\"image\/png\" \/>\n<meta name=\"twitter:card\" content=\"summary_large_image\" \/>\n<meta name=\"twitter:label1\" content=\"Dur\u00e9e de lecture estim\u00e9e\" \/>\n\t<meta name=\"twitter:data1\" content=\"9 minutes\" \/>\n<script type=\"application\/ld+json\" class=\"yoast-schema-graph\">{\"@context\":\"https:\\\/\\\/schema.org\",\"@graph\":[{\"@type\":\"WebPage\",\"@id\":\"https:\\\/\\\/ce4dev.org\\\/fr\\\/conditions-dutilisation\\\/\",\"url\":\"https:\\\/\\\/ce4dev.org\\\/fr\\\/conditions-dutilisation\\\/\",\"name\":\"Conditions d'utilisation - \u00c9nergie propre pour le d\u00e9veloppement\",\"isPartOf\":{\"@id\":\"https:\\\/\\\/ce4dev.org\\\/#website\"},\"datePublished\":\"2023-11-09T15:43:05+00:00\",\"dateModified\":\"2023-12-10T09:29:05+00:00\",\"breadcrumb\":{\"@id\":\"https:\\\/\\\/ce4dev.org\\\/fr\\\/conditions-dutilisation\\\/#breadcrumb\"},\"inLanguage\":\"fr-FR\",\"potentialAction\":[{\"@type\":\"ReadAction\",\"target\":[\"https:\\\/\\\/ce4dev.org\\\/fr\\\/conditions-dutilisation\\\/\"]}]},{\"@type\":\"BreadcrumbList\",\"@id\":\"https:\\\/\\\/ce4dev.org\\\/fr\\\/conditions-dutilisation\\\/#breadcrumb\",\"itemListElement\":[{\"@type\":\"ListItem\",\"position\":1,\"name\":\"Home\",\"item\":\"https:\\\/\\\/ce4dev.org\\\/fr\\\/\"},{\"@type\":\"ListItem\",\"position\":2,\"name\":\"Conditions d&rsquo;utilisation\"}]},{\"@type\":\"WebSite\",\"@id\":\"https:\\\/\\\/ce4dev.org\\\/#website\",\"url\":\"https:\\\/\\\/ce4dev.org\\\/\",\"name\":\"\u00c9nergie propre pour le d\u00e9veloppement\",\"description\":\"\",\"potentialAction\":[{\"@type\":\"SearchAction\",\"target\":{\"@type\":\"EntryPoint\",\"urlTemplate\":\"https:\\\/\\\/ce4dev.org\\\/?s={search_term_string}\"},\"query-input\":{\"@type\":\"PropertyValueSpecification\",\"valueRequired\":true,\"valueName\":\"search_term_string\"}}],\"inLanguage\":\"fr-FR\"}]}<\/script>\n<!-- \/ Yoast SEO plugin. -->","yoast_head_json":{"title":"Conditions d'utilisation - \u00c9nergie propre pour le d\u00e9veloppement","robots":{"index":"index","follow":"follow","max-snippet":"max-snippet:-1","max-image-preview":"max-image-preview:large","max-video-preview":"max-video-preview:-1"},"canonical":"https:\/\/ce4dev.org\/fr\/conditions-dutilisation\/","og_locale":"fr_FR","og_type":"article","og_title":"Conditions d'utilisation - \u00c9nergie propre pour le d\u00e9veloppement","og_description":"Conditions d&rsquo;utilisation du site web \u00ab\u00a0\u00c9nergie propre pour le d\u00e9veloppement Ce site web est fourni en tant que service public par l&rsquo;\u00e9quipe de traduction des connaissances et de communication sur l&rsquo;\u00e9nergie propre pour le d\u00e9veloppement de l&rsquo;Institute of Development Studies (IDS), avec le soutien du Centre de recherches pour le d\u00e9veloppement international (CRDI), sous r\u00e9serve [&hellip;]","og_url":"https:\/\/ce4dev.org\/fr\/conditions-dutilisation\/","og_site_name":"\u00c9nergie propre pour le d\u00e9veloppement","article_modified_time":"2023-12-10T09:29:05+00:00","og_image":[{"width":1200,"height":628,"url":"https:\/\/ce4dev.org\/wp-content\/uploads\/2023\/11\/Home-social-image.png","type":"image\/png"}],"twitter_card":"summary_large_image","twitter_misc":{"Dur\u00e9e de lecture estim\u00e9e":"9 minutes"},"schema":{"@context":"https:\/\/schema.org","@graph":[{"@type":"WebPage","@id":"https:\/\/ce4dev.org\/fr\/conditions-dutilisation\/","url":"https:\/\/ce4dev.org\/fr\/conditions-dutilisation\/","name":"Conditions d'utilisation - \u00c9nergie propre pour le d\u00e9veloppement","isPartOf":{"@id":"https:\/\/ce4dev.org\/#website"},"datePublished":"2023-11-09T15:43:05+00:00","dateModified":"2023-12-10T09:29:05+00:00","breadcrumb":{"@id":"https:\/\/ce4dev.org\/fr\/conditions-dutilisation\/#breadcrumb"},"inLanguage":"fr-FR","potentialAction":[{"@type":"ReadAction","target":["https:\/\/ce4dev.org\/fr\/conditions-dutilisation\/"]}]},{"@type":"BreadcrumbList","@id":"https:\/\/ce4dev.org\/fr\/conditions-dutilisation\/#breadcrumb","itemListElement":[{"@type":"ListItem","position":1,"name":"Home","item":"https:\/\/ce4dev.org\/fr\/"},{"@type":"ListItem","position":2,"name":"Conditions d&rsquo;utilisation"}]},{"@type":"WebSite","@id":"https:\/\/ce4dev.org\/#website","url":"https:\/\/ce4dev.org\/","name":"\u00c9nergie propre pour le d\u00e9veloppement","description":"","potentialAction":[{"@type":"SearchAction","target":{"@type":"EntryPoint","urlTemplate":"https:\/\/ce4dev.org\/?s={search_term_string}"},"query-input":{"@type":"PropertyValueSpecification","valueRequired":true,"valueName":"search_term_string"}}],"inLanguage":"fr-FR"}]}},"_links":{"self":[{"href":"https:\/\/ce4dev.org\/fr\/wp-json\/wp\/v2\/pages\/670","targetHints":{"allow":["GET"]}}],"collection":[{"href":"https:\/\/ce4dev.org\/fr\/wp-json\/wp\/v2\/pages"}],"about":[{"href":"https:\/\/ce4dev.org\/fr\/wp-json\/wp\/v2\/types\/page"}],"author":[{"embeddable":true,"href":"https:\/\/ce4dev.org\/fr\/wp-json\/wp\/v2\/users\/3"}],"replies":[{"embeddable":true,"href":"https:\/\/ce4dev.org\/fr\/wp-json\/wp\/v2\/comments?post=670"}],"version-history":[{"count":0,"href":"https:\/\/ce4dev.org\/fr\/wp-json\/wp\/v2\/pages\/670\/revisions"}],"wp:attachment":[{"href":"https:\/\/ce4dev.org\/fr\/wp-json\/wp\/v2\/media?parent=670"}],"curies":[{"name":"wp","href":"https:\/\/api.w.org\/{rel}","templated":true}]}}